{"id":27,"date":"2021-04-09T12:20:30","date_gmt":"2021-04-09T10:20:30","guid":{"rendered":"http:\/\/clinsdieu.be\/?page_id=27"},"modified":"2021-04-11T17:03:13","modified_gmt":"2021-04-11T15:03:13","slug":"le-nouveau-e-mucem-ouvre-ses-portes-2","status":"publish","type":"page","link":"https:\/\/clinsdieu.be\/","title":{"rendered":"Clins-Dieu"},"content":{"rendered":"\n<div class=\"wp-block-group\"><div class=\"wp-block-group__inner-container is-layout-flow wp-block-group-is-layout-flow\">\n<figure class=\"wp-block-pullquote\"><blockquote><p>\u00ab\u00a0Tout le monde est un g\u00e9nie. Mais si vous jugez un poisson sur ses capacit\u00e9s \u00e0 grimper \u00e0 un arbre , il passera toute sa vie \u00e0 croire qu&rsquo;il est stupide\u00a0\u00bb<\/p><cite>Albert Einstein<\/cite><\/blockquote><\/figure>\n<\/div><\/div>\n\n\n<ul class=\"wp-block-latest-posts__list is-grid columns-4 highlighted_post wp-block-latest-posts\"><li><div class=\"wp-block-latest-posts__featured-image\"><a href=\"https:\/\/clinsdieu.be\/index.php\/2023\/08\/16\/docteur-jean\/\" aria-label=\"Docteur Jean\"><img loading=\"lazy\" decoding=\"async\" width=\"300\" height=\"200\" src=\"https:\/\/clinsdieu.be\/wp-content\/uploads\/2023\/08\/nature-7152461_1280-300x200.jpg\" class=\"attachment-medium size-medium wp-post-image\" alt=\"\" style=\"\" srcset=\"https:\/\/clinsdieu.be\/wp-content\/uploads\/2023\/08\/nature-7152461_1280-300x200.jpg 300w, https:\/\/clinsdieu.be\/wp-content\/uploads\/2023\/08\/nature-7152461_1280-1024x682.jpg 1024w, https:\/\/clinsdieu.be\/wp-content\/uploads\/2023\/08\/nature-7152461_1280-768x512.jpg 768w, https:\/\/clinsdieu.be\/wp-content\/uploads\/2023\/08\/nature-7152461_1280-1200x800.jpg 1200w, https:\/\/clinsdieu.be\/wp-content\/uploads\/2023\/08\/nature-7152461_1280.jpg 1280w\" sizes=\"auto, (max-width: 300px) 100vw, 300px\" \/><\/a><\/div><a class=\"wp-block-latest-posts__post-title\" href=\"https:\/\/clinsdieu.be\/index.php\/2023\/08\/16\/docteur-jean\/\">Docteur Jean<\/a><div class=\"wp-block-latest-posts__post-excerpt\">Il s&rsquo;appelle Jean. Gr\u00e2ce \u00e0 lui, gr\u00e2ce \u00e0 Dieu, cela fait 43 ans de vie en plus que ce que les premiers diagnostics avaient annonc\u00e9s. Je ne sais pas pourquoi\u2026 <a class=\"wp-block-latest-posts__read-more\" href=\"https:\/\/clinsdieu.be\/index.php\/2023\/08\/16\/docteur-jean\/\" rel=\"noopener noreferrer\">Lire la suite<span class=\"screen-reader-text\">\u00a0: Docteur Jean<\/span><\/a><\/div><\/li>\n<li><div class=\"wp-block-latest-posts__featured-image\"><a href=\"https:\/\/clinsdieu.be\/index.php\/2021\/10\/23\/jacqueline\/\" aria-label=\"Jacqueline\"><img loading=\"lazy\" decoding=\"async\" width=\"300\" height=\"176\" src=\"https:\/\/clinsdieu.be\/wp-content\/uploads\/2021\/10\/book-g36311597b_1920-300x176.jpg\" class=\"attachment-medium size-medium wp-post-image\" alt=\"\" style=\"\" srcset=\"https:\/\/clinsdieu.be\/wp-content\/uploads\/2021\/10\/book-g36311597b_1920-300x176.jpg 300w, https:\/\/clinsdieu.be\/wp-content\/uploads\/2021\/10\/book-g36311597b_1920-1024x600.jpg 1024w, https:\/\/clinsdieu.be\/wp-content\/uploads\/2021\/10\/book-g36311597b_1920-768x450.jpg 768w, https:\/\/clinsdieu.be\/wp-content\/uploads\/2021\/10\/book-g36311597b_1920-1536x900.jpg 1536w, https:\/\/clinsdieu.be\/wp-content\/uploads\/2021\/10\/book-g36311597b_1920-1200x703.jpg 1200w, https:\/\/clinsdieu.be\/wp-content\/uploads\/2021\/10\/book-g36311597b_1920.jpg 1920w\" sizes=\"auto, (max-width: 300px) 100vw, 300px\" \/><\/a><\/div><a class=\"wp-block-latest-posts__post-title\" href=\"https:\/\/clinsdieu.be\/index.php\/2021\/10\/23\/jacqueline\/\">Jacqueline<\/a><div class=\"wp-block-latest-posts__post-excerpt\">Tu me manques. Tu es partie avant que j&rsquo;aie pu te dire tout ce que je voulais te dire. Avant qu&rsquo;on partage, tout ce qu&rsquo;on voulait partager. Avant qu&rsquo;on ait\u2026 <a class=\"wp-block-latest-posts__read-more\" href=\"https:\/\/clinsdieu.be\/index.php\/2021\/10\/23\/jacqueline\/\" rel=\"noopener noreferrer\">Lire la suite<span class=\"screen-reader-text\">\u00a0: Jacqueline<\/span><\/a><\/div><\/li>\n<li><div class=\"wp-block-latest-posts__featured-image\"><a href=\"https:\/\/clinsdieu.be\/index.php\/2021\/10\/09\/infiniment-au-dela\/\" aria-label=\"\u00ab\u00a0Infiniment au del\u00e0\u00a0\u00bb\"><img loading=\"lazy\" decoding=\"async\" width=\"300\" height=\"155\" src=\"https:\/\/clinsdieu.be\/wp-content\/uploads\/2021\/10\/remote-g6f51c3533_1920-300x155.jpg\" class=\"attachment-medium size-medium wp-post-image\" alt=\"\" style=\"\" srcset=\"https:\/\/clinsdieu.be\/wp-content\/uploads\/2021\/10\/remote-g6f51c3533_1920-300x155.jpg 300w, https:\/\/clinsdieu.be\/wp-content\/uploads\/2021\/10\/remote-g6f51c3533_1920-1024x529.jpg 1024w, https:\/\/clinsdieu.be\/wp-content\/uploads\/2021\/10\/remote-g6f51c3533_1920-768x396.jpg 768w, https:\/\/clinsdieu.be\/wp-content\/uploads\/2021\/10\/remote-g6f51c3533_1920-1536x793.jpg 1536w, https:\/\/clinsdieu.be\/wp-content\/uploads\/2021\/10\/remote-g6f51c3533_1920-1200x619.jpg 1200w, https:\/\/clinsdieu.be\/wp-content\/uploads\/2021\/10\/remote-g6f51c3533_1920.jpg 1920w\" sizes=\"auto, (max-width: 300px) 100vw, 300px\" \/><\/a><\/div><a class=\"wp-block-latest-posts__post-title\" href=\"https:\/\/clinsdieu.be\/index.php\/2021\/10\/09\/infiniment-au-dela\/\">\u00ab\u00a0Infiniment au del\u00e0\u00a0\u00bb<\/a><div class=\"wp-block-latest-posts__post-excerpt\">Cette semaine, j&rsquo;ai revu un ami avec lequel je n&rsquo;avais plus eu beaucoup de contacts \u00e0 cause de la pand\u00e9mie et de mon burn-out. Il a prononc\u00e9 des mots qui\u2026 <a class=\"wp-block-latest-posts__read-more\" href=\"https:\/\/clinsdieu.be\/index.php\/2021\/10\/09\/infiniment-au-dela\/\" rel=\"noopener noreferrer\">Lire la suite<span class=\"screen-reader-text\">\u00a0: \u00ab\u00a0Infiniment au del\u00e0\u00a0\u00bb<\/span><\/a><\/div><\/li>\n<li><div class=\"wp-block-latest-posts__featured-image\"><a href=\"https:\/\/clinsdieu.be\/index.php\/2021\/05\/01\/cadeau\/\" aria-label=\"Cadeau\"><img loading=\"lazy\" decoding=\"async\" width=\"300\" height=\"184\" src=\"https:\/\/clinsdieu.be\/wp-content\/uploads\/2021\/05\/hands-1926414_1920-300x184.jpg\" class=\"attachment-medium size-medium wp-post-image\" alt=\"\" style=\"\" srcset=\"https:\/\/clinsdieu.be\/wp-content\/uploads\/2021\/05\/hands-1926414_1920-300x184.jpg 300w, https:\/\/clinsdieu.be\/wp-content\/uploads\/2021\/05\/hands-1926414_1920-1024x627.jpg 1024w, https:\/\/clinsdieu.be\/wp-content\/uploads\/2021\/05\/hands-1926414_1920-768x470.jpg 768w, https:\/\/clinsdieu.be\/wp-content\/uploads\/2021\/05\/hands-1926414_1920-1536x941.jpg 1536w, https:\/\/clinsdieu.be\/wp-content\/uploads\/2021\/05\/hands-1926414_1920-1200x735.jpg 1200w, https:\/\/clinsdieu.be\/wp-content\/uploads\/2021\/05\/hands-1926414_1920.jpg 1920w\" sizes=\"auto, (max-width: 300px) 100vw, 300px\" \/><\/a><\/div><a class=\"wp-block-latest-posts__post-title\" href=\"https:\/\/clinsdieu.be\/index.php\/2021\/05\/01\/cadeau\/\">Cadeau<\/a><div class=\"wp-block-latest-posts__post-excerpt\">Une des choses que je pr\u00e9f\u00e8re consiste \u00e0 me creuser la t\u00eate pour faire plaisir aux gens que j&rsquo;aime. Je trouve un plaisir inou\u00ef \u00e0 rejoindre l&rsquo;autre o\u00f9 il est\u2026 <a class=\"wp-block-latest-posts__read-more\" href=\"https:\/\/clinsdieu.be\/index.php\/2021\/05\/01\/cadeau\/\" rel=\"noopener noreferrer\">Lire la suite<span class=\"screen-reader-text\">\u00a0: Cadeau<\/span><\/a><\/div><\/li>\n<li><div class=\"wp-block-latest-posts__featured-image\"><a href=\"https:\/\/clinsdieu.be\/index.php\/2021\/04\/25\/la-puissance-dans-la-faiblesse\/\" aria-label=\"La puissance dans la faiblesse\"><img loading=\"lazy\" decoding=\"async\" width=\"300\" height=\"200\" src=\"https:\/\/clinsdieu.be\/wp-content\/uploads\/2021\/04\/field-4400519_1920-300x200.jpg\" class=\"attachment-medium size-medium wp-post-image\" alt=\"\" style=\"\" srcset=\"https:\/\/clinsdieu.be\/wp-content\/uploads\/2021\/04\/field-4400519_1920-300x200.jpg 300w, https:\/\/clinsdieu.be\/wp-content\/uploads\/2021\/04\/field-4400519_1920-1024x683.jpg 1024w, https:\/\/clinsdieu.be\/wp-content\/uploads\/2021\/04\/field-4400519_1920-768x512.jpg 768w, https:\/\/clinsdieu.be\/wp-content\/uploads\/2021\/04\/field-4400519_1920-1536x1024.jpg 1536w, https:\/\/clinsdieu.be\/wp-content\/uploads\/2021\/04\/field-4400519_1920-1200x800.jpg 1200w, https:\/\/clinsdieu.be\/wp-content\/uploads\/2021\/04\/field-4400519_1920.jpg 1920w\" sizes=\"auto, (max-width: 300px) 100vw, 300px\" \/><\/a><\/div><a class=\"wp-block-latest-posts__post-title\" href=\"https:\/\/clinsdieu.be\/index.php\/2021\/04\/25\/la-puissance-dans-la-faiblesse\/\">La puissance dans la faiblesse<\/a><div class=\"wp-block-latest-posts__post-excerpt\">\u00ab\u00a0Dieu avait besoin d\u2019un p\u00e8re pour son peuple.Il choisit un vieillard.Alors Abraham se leva\u2026 Il avait besoin d\u2019un porte-parole.Il choisit un timide qui b\u00e9gayait.Alors Mo\u00efse se leva\u2026 Il avait besoin\u2026 <a class=\"wp-block-latest-posts__read-more\" href=\"https:\/\/clinsdieu.be\/index.php\/2021\/04\/25\/la-puissance-dans-la-faiblesse\/\" rel=\"noopener noreferrer\">Lire la suite<span class=\"screen-reader-text\">\u00a0: La puissance dans la faiblesse<\/span><\/a><\/div><\/li>\n<li><div class=\"wp-block-latest-posts__featured-image\"><a href=\"https:\/\/clinsdieu.be\/index.php\/2021\/04\/11\/gazelles\/\" aria-label=\"Gazelles\"><img loading=\"lazy\" decoding=\"async\" width=\"300\" height=\"201\" src=\"https:\/\/clinsdieu.be\/wp-content\/uploads\/2021\/04\/gazelle-1519710_1920-300x201.jpg\" class=\"attachment-medium size-medium wp-post-image\" alt=\"\" style=\"\" srcset=\"https:\/\/clinsdieu.be\/wp-content\/uploads\/2021\/04\/gazelle-1519710_1920-300x201.jpg 300w, https:\/\/clinsdieu.be\/wp-content\/uploads\/2021\/04\/gazelle-1519710_1920-1024x685.jpg 1024w, https:\/\/clinsdieu.be\/wp-content\/uploads\/2021\/04\/gazelle-1519710_1920-768x514.jpg 768w, https:\/\/clinsdieu.be\/wp-content\/uploads\/2021\/04\/gazelle-1519710_1920-1536x1028.jpg 1536w, https:\/\/clinsdieu.be\/wp-content\/uploads\/2021\/04\/gazelle-1519710_1920-1200x803.jpg 1200w, https:\/\/clinsdieu.be\/wp-content\/uploads\/2021\/04\/gazelle-1519710_1920.jpg 1920w\" sizes=\"auto, (max-width: 300px) 100vw, 300px\" \/><\/a><\/div><a class=\"wp-block-latest-posts__post-title\" href=\"https:\/\/clinsdieu.be\/index.php\/2021\/04\/11\/gazelles\/\">Gazelles<\/a><div class=\"wp-block-latest-posts__post-excerpt\">La gazelle appartient aux animaux dot\u00e9s de la plus grande d\u00e9tente verticale. Une gazelle enferm\u00e9e dans un enclos dispose bien souvent de toutes les qualit\u00e9s pour se lib\u00e9rer. Pourtant, elle\u2026 <a class=\"wp-block-latest-posts__read-more\" href=\"https:\/\/clinsdieu.be\/index.php\/2021\/04\/11\/gazelles\/\" rel=\"noopener noreferrer\">Lire la suite<span class=\"screen-reader-text\">\u00a0: Gazelles<\/span><\/a><\/div><\/li>\n<li><div class=\"wp-block-latest-posts__featured-image\"><a href=\"https:\/\/clinsdieu.be\/index.php\/2021\/04\/10\/12-septembre\/\" aria-label=\"12 Septembre\"><img loading=\"lazy\" decoding=\"async\" width=\"300\" height=\"209\" src=\"https:\/\/clinsdieu.be\/wp-content\/uploads\/2021\/04\/houses-6108991_960_720-1-300x209.png\" class=\"attachment-medium size-medium wp-post-image\" alt=\"\" style=\"\" srcset=\"https:\/\/clinsdieu.be\/wp-content\/uploads\/2021\/04\/houses-6108991_960_720-1-300x209.png 300w, https:\/\/clinsdieu.be\/wp-content\/uploads\/2021\/04\/houses-6108991_960_720-1-768x534.png 768w, https:\/\/clinsdieu.be\/wp-content\/uploads\/2021\/04\/houses-6108991_960_720-1.png 960w\" sizes=\"auto, (max-width: 300px) 100vw, 300px\" \/><\/a><\/div><a class=\"wp-block-latest-posts__post-title\" href=\"https:\/\/clinsdieu.be\/index.php\/2021\/04\/10\/12-septembre\/\">12 Septembre<\/a><div class=\"wp-block-latest-posts__post-excerpt\">Je ne veux surtout pas g\u00e9n\u00e9raliser et stigmatiser ces entrepreneurs qui r\u00e9ussissent. Bien au contraire, en r\u00e8gle g\u00e9n\u00e9rale, je les admire. Je caresse m\u00eame le r\u00eave de devenir une des\u2026 <a class=\"wp-block-latest-posts__read-more\" href=\"https:\/\/clinsdieu.be\/index.php\/2021\/04\/10\/12-septembre\/\" rel=\"noopener noreferrer\">Lire la suite<span class=\"screen-reader-text\">\u00a0: 12 Septembre<\/span><\/a><\/div><\/li>\n<li><div class=\"wp-block-latest-posts__featured-image\"><a href=\"https:\/\/clinsdieu.be\/index.php\/2021\/04\/09\/remplacant-permanent\/\" aria-label=\"Rempla\u00e7ant permanent\"><img loading=\"lazy\" decoding=\"async\" width=\"300\" height=\"211\" src=\"https:\/\/clinsdieu.be\/wp-content\/uploads\/2021\/04\/birds-6152206_960_720-300x211.jpg\" class=\"attachment-medium size-medium wp-post-image\" alt=\"\" style=\"\" srcset=\"https:\/\/clinsdieu.be\/wp-content\/uploads\/2021\/04\/birds-6152206_960_720-300x211.jpg 300w, https:\/\/clinsdieu.be\/wp-content\/uploads\/2021\/04\/birds-6152206_960_720-768x540.jpg 768w, https:\/\/clinsdieu.be\/wp-content\/uploads\/2021\/04\/birds-6152206_960_720.jpg 960w\" sizes=\"auto, (max-width: 300px) 100vw, 300px\" \/><\/a><\/div><a class=\"wp-block-latest-posts__post-title\" href=\"https:\/\/clinsdieu.be\/index.php\/2021\/04\/09\/remplacant-permanent\/\">Rempla\u00e7ant permanent<\/a><div class=\"wp-block-latest-posts__post-excerpt\">Apr\u00e8s 15 ann\u00e9es pass\u00e9es dans l&rsquo;\u00e9conomie sociale et \u00ab\u00a0forte\u00a0\u00bb d&rsquo;un burn-out, j&rsquo;ai d\u00e9cid\u00e9 il y a peu de renoncer \u00e0 ce travail, certes porteur de sens, mais \u00e9puisant. En guise\u2026 <a class=\"wp-block-latest-posts__read-more\" href=\"https:\/\/clinsdieu.be\/index.php\/2021\/04\/09\/remplacant-permanent\/\" rel=\"noopener noreferrer\">Lire la suite<span class=\"screen-reader-text\">\u00a0: Rempla\u00e7ant permanent<\/span><\/a><\/div><\/li>\n<\/ul>\n\n\n<p><\/p>\n","protected":false},"excerpt":{"rendered":"<p>\u00ab\u00a0Tout le monde est un g\u00e9nie. Mais si vous jugez un poisson sur ses capacit\u00e9s \u00e0 grimper \u00e0 un arbre , il passera toute sa vie \u00e0 croire qu&rsquo;il est stupide\u00a0\u00bb Albert Einstein<\/p>\n","protected":false},"author":1,"featured_media":68,"parent":0,"menu_order":0,"comment_status":"closed","ping_status":"closed","template":"templates\/template-full-width.php","meta":{"footnotes":""},"class_list":["post-27","page","type-page","status-publish","has-post-thumbnail","hentry"],"_links":{"self":[{"href":"https:\/\/clinsdieu.be\/index.php\/wp-json\/wp\/v2\/pages\/27","targetHints":{"allow":["GET"]}}],"collection":[{"href":"https:\/\/clinsdieu.be\/index.php\/wp-json\/wp\/v2\/pages"}],"about":[{"href":"https:\/\/clinsdieu.be\/index.php\/wp-json\/wp\/v2\/types\/page"}],"author":[{"embeddable":true,"href":"https:\/\/clinsdieu.be\/index.php\/wp-json\/wp\/v2\/users\/1"}],"replies":[{"embeddable":true,"href":"https:\/\/clinsdieu.be\/index.php\/wp-json\/wp\/v2\/comments?post=27"}],"version-history":[{"count":34,"href":"https:\/\/clinsdieu.be\/index.php\/wp-json\/wp\/v2\/pages\/27\/revisions"}],"predecessor-version":[{"id":242,"href":"https:\/\/clinsdieu.be\/index.php\/wp-json\/wp\/v2\/pages\/27\/revisions\/242"}],"wp:featuredmedia":[{"embeddable":true,"href":"https:\/\/clinsdieu.be\/index.php\/wp-json\/wp\/v2\/media\/68"}],"wp:attachment":[{"href":"https:\/\/clinsdieu.be\/index.php\/wp-json\/wp\/v2\/media?parent=27"}],"curies":[{"name":"wp","href":"https:\/\/api.w.org\/{rel}","templated":true}]}}